{"id":12,"date":"2015-06-06T09:04:09","date_gmt":"2015-06-06T09:04:09","guid":{"rendered":"https:\/\/www.ctvuia.ro\/?page_id=12"},"modified":"2025-07-22T06:56:50","modified_gmt":"2025-07-22T06:56:50","slug":"bun-venit","status":"publish","type":"page","link":"https:\/\/www.ctvuia.ro\/","title":{"rendered":"Bun venit"},"content":{"rendered":"<table style=\"height: 155px;\" width=\"846\">\n<tbody>\n<tr>\n<td>\n<p style=\"text-align: center;\"><a href=\"https:\/\/www.ctvuia.ro\/wp-content\/uploads\/2015\/06\/vuia_fara_IES.jpg\"><img loading=\"lazy\" decoding=\"async\" class=\"size-medium wp-image-9 aligncenter\" src=\"https:\/\/www.ctvuia.ro\/wp-content\/uploads\/2015\/06\/vuia_fara_IES-300x77.jpg\" alt=\"vuia_fara_IES\" width=\"300\" height=\"77\" srcset=\"https:\/\/www.ctvuia.ro\/wp-content\/uploads\/2015\/06\/vuia_fara_IES-300x77.jpg 300w, https:\/\/www.ctvuia.ro\/wp-content\/uploads\/2015\/06\/vuia_fara_IES.jpg 686w\" sizes=\"auto, (max-width: 300px) 100vw, 300px\" \/><\/a><span style=\"color: #000080;\"><em>1966-2016 &#8211; A 50-a ANIVERSARE A LICEULUI!<\/em><\/span><\/p>\n<\/td>\n<td align=\"right\">Str. Constantin Br\u00e2ncoveanu nr.12\/A<br \/>Oradea, Bihor<br \/>Telefon: 0359\/425667, 0359\/425668<br \/>Fax:&nbsp;0259\/417829<br \/>E-mail: ct_vuia@yahoo.com<br \/><a href=\"https:\/\/www.facebook.com\/colegiultehnic.traianvuia.7\">Facebook<\/a><\/td>\n<\/tr>\n<\/tbody>\n<\/table>\n\n\n<figure class=\"wp-block-embed is-type-video is-provider-youtube wp-block-embed-youtube wp-embed-aspect-4-3 wp-has-aspect-ratio\"><div class=\"wp-block-embed__wrapper\">\n<iframe loading=\"lazy\" title=\"Un tur prin \u0219coala noastr\u0103...\" width=\"620\" height=\"465\" src=\"https:\/\/www.youtube.com\/embed\/SXCkhgh4ov0?feature=oembed\" frameborder=\"0\" allow=\"accelerometer; autoplay; clipboard-write; encrypted-media; gyroscope; picture-in-picture; web-share\" referrerpolicy=\"strict-origin-when-cross-origin\" allowfullscreen><\/iframe>\n<\/div><\/figure>\n\n\n\n<p><strong><a href=\"https:\/\/www.ctvuia.ro\/wp-content\/uploads\/2024\/11\/PROIECT_F-PNRR-SmartLabs-2023-2672.pdf\" target=\"_blank\" rel=\"noopener\">PROIECT_F-PNRR-SmartLabs-2023-2672<\/a><\/strong><\/p>\n\n\n\n<p><strong><a href=\"https:\/\/www.ctvuia.ro\/wp-content\/uploads\/2025\/01\/Anunt-selectie-participanti-ianuarie-2025.pdf\" target=\"_blank\" rel=\"noopener\">Anun\u021b selec\u021bie proiect Acreditare Erasmus nr. 2024-1-RO01-KA121-VET-000212541<\/a><\/strong><\/p>\n\n\n\n<p class=\"has-text-align-left\"><strong><a href=\"https:\/\/www.daibau.ro\/educatie\" target=\"_blank\" rel=\"noopener\">Proiect DAIBAU<\/a><\/strong><\/p>\n\n\n\n<h3 class=\"wp-block-heading\"><em><strong>Olimpiadele din aria curricular\u0103 \u201cTehnologii\u201d, etapa jude\u021bean\u0103 \u2013 martie 2025<\/strong><\/em><\/h3>\n\n\n\n<p><a href=\"http:\/\/www.ctvuia.ro\/?p=1923\"><strong>Rezultate finale gimnaziu\/liceu<\/strong><\/a><\/p>\n\n\n\n<p><strong><a href=\"https:\/\/www.ctvuia.ro\/wp-content\/uploads\/2025\/03\/ANUNT-contestatii.pdf\" target=\"_blank\" rel=\"noopener\">ANUN\u021a CONTESTA\u021aII &#8211; Olimpiadele din aria curricular\u0103 &#8222;Tehnologii&#8221; Etapa jude\u021bean\u0103 \u2013 anul \u0219colar&nbsp;2024-2025<\/a><\/strong><\/p>\n\n\n\n<p><strong>&nbsp;<a href=\"https:\/\/www.ctvuia.ro\/wp-content\/uploads\/2025\/07\/Situatie-locuri-libere-pentru-transfer.pdf\" target=\"_blank\" rel=\"noreferrer noopener\">Situa\u021bie locuri libere pentru transfer la 07.07.2025<\/a><\/strong><\/p>\n\n\n\n<p><a href=\"https:\/\/www.ctvuia.ro\/?p=50\"><strong><em>Oferta educa\u021bional\u0103 pentru anul \u0219colar 2025-2026<\/em><\/strong><\/a><\/p>\n\n\n<div class=\"wp-block-image\">\n<figure class=\"alignleft size-medium is-resized\"><a href=\"https:\/\/www.ctvuia.ro\/?p=50\"><img loading=\"lazy\" decoding=\"async\" width=\"296\" height=\"300\" src=\"https:\/\/www.ctvuia.ro\/wp-content\/uploads\/2019\/03\/Liceu-prof-2025-296x300.jpg\" alt=\"\" class=\"wp-image-4834\" style=\"width:240px\" srcset=\"https:\/\/www.ctvuia.ro\/wp-content\/uploads\/2019\/03\/Liceu-prof-2025-296x300.jpg 296w, https:\/\/www.ctvuia.ro\/wp-content\/uploads\/2019\/03\/Liceu-prof-2025-768x778.jpg 768w, https:\/\/www.ctvuia.ro\/wp-content\/uploads\/2019\/03\/Liceu-prof-2025.jpg 869w\" sizes=\"auto, (max-width: 296px) 100vw, 296px\" \/><\/a><\/figure>\n<\/div>\n\n<div class=\"wp-block-image\">\n<figure class=\"alignright size-medium is-resized\"><a href=\"https:\/\/www.ctvuia.ro\/?p=50\"><img loading=\"lazy\" decoding=\"async\" width=\"300\" height=\"286\" src=\"https:\/\/www.ctvuia.ro\/wp-content\/uploads\/2019\/03\/PL-seral-2025-300x286.jpg\" alt=\"\" class=\"wp-image-4835\" style=\"width:240px\" srcset=\"https:\/\/www.ctvuia.ro\/wp-content\/uploads\/2019\/03\/PL-seral-2025-300x286.jpg 300w, https:\/\/www.ctvuia.ro\/wp-content\/uploads\/2019\/03\/PL-seral-2025-768x733.jpg 768w, https:\/\/www.ctvuia.ro\/wp-content\/uploads\/2019\/03\/PL-seral-2025.jpg 879w\" sizes=\"auto, (max-width: 300px) 100vw, 300px\" \/><\/a><\/figure>\n<\/div>\n\n\n<p><\/p>\n\n\n\n<hr class=\"wp-block-separator has-alpha-channel-opacity\"\/>\n\n\n\n<p><a href=\"https:\/\/www.ctvuia.ro\/?p=53\"><strong>Descrierea calific\u0103rilor profesionale<\/strong><\/a><\/p>\n\n\n\n<p><span style=\"color: #800000;\"><strong><em>Calendarul examenului na\u021bional de bacalaureat 2025<\/em><\/strong><\/span><\/p>\n\n\n\n<p><span style=\"color: #800000;\"><strong><em>&#8211; sesiunea iunie:<br><\/em><\/strong><\/span><\/p>\n\n\n\n<ul class=\"wp-block-list\">\n<li>16\u201420 decembrie 2024 \u2013 \u00censcrierea candida\u021bilor pentru sus\u021binerea probelor A, B, C, D din cadrul examenului na\u021bional de bacalaureat \u2014 2025<\/li>\n\n\n\n<li>27\u201429 ianuarie 2025 \u2013 Evaluarea competen\u021belor lingvistice de comunicare oral\u0103 \u00een limba rom\u00e2n\u0103 \u2013 proba A<\/li>\n\n\n\n<li>29\u201431 ianuarie 2025 \u2013 Evaluarea competen\u021belor lingvistice de comunicare oral\u0103 \u00een limba matern\u0103 \u2013 proba B<\/li>\n\n\n\n<li>3\u20145 februarie 2025 \u2013 Evaluarea competen\u021belor lingvistice \u00eentr-o limb\u0103 de circula\u021bie interna\u021bional\u0103 \u2014 proba C<\/li>\n\n\n\n<li>5\u20147 februarie 2025 \u2013 Evaluarea competen\u021belor digitale \u2014 proba D<\/li>\n\n\n\n<li>30 mai \u2014 4 iunie 2025 \u2013 Sus\u021binerea probelor A, B, C, D din cadrul examenului na\u021bional de bacalaureat \u2014 2025 pentru elevii prev\u0103zu\u021bi la art. 18 alin. (3) din OM 6481\/2024<\/li>\n\n\n\n<li>2\u20146 iunie 2025 \u2013 \u00censcrierea candida\u021bilor la probele scrise ale primei sesiuni de examen<\/li>\n\n\n\n<li>6 iunie 2025 \u2013 \u00cencheierea cursurilor pentru clasa a XII-a\/a XIII-a<\/li>\n\n\n\n<li>10 iunie 2025 \u2013 Limba \u0219i literatura rom\u00e2n\u0103 \u2013 proba E.a) \u2013 proba scris\u0103<\/li>\n\n\n\n<li>11 iunie 2025 \u2013 Proba obligatorie a profilului \u2013 proba E.c) \u2013 proba scris\u0103<\/li>\n\n\n\n<li>13 iunie 2025 \u2013 Proba la alegere a profilului \u0219i specializ\u0103rii \u2013 proba E.d) \u2013 proba scris\u0103<\/li>\n\n\n\n<li>16 iunie 2025 \u2013 Limba \u0219i literatura matern\u0103 \u2013 proba E.b) \u2013 proba scris\u0103<\/li>\n\n\n\n<li>20 iunie 2025 \u2013 Afi\u0219area rezultatelor la probele scrise (p\u00e2n\u0103 la ora 12.00), vizualizarea lucr\u0103rilor scrise \u0219i depunerea contesta\u021biilor (\u00een intervalul orar 14.00\u201418.00)<\/li>\n\n\n\n<li>23\u201424 iunie 2025 \u2013 Vizualizarea lucr\u0103rilor scrise \u0219i depunerea contesta\u021biilor<\/li>\n\n\n\n<li>30 iunie 2025 \u2013 Afi\u0219area rezultatelor finale<\/li>\n<\/ul>\n\n\n\n<p><span style=\"color: #800000;\"><strong><em>&#8211; sesiunea august-septembrie:<\/em><\/strong><\/span><\/p>\n\n\n\n<ul class=\"wp-block-list\">\n<li>14\u201421 iulie 2025 \u2013 \u00censcrierea candida\u021bilor la a doua sesiune de examen, inclusiv a candida\u021bilor care au promovat examenele de corigen\u021be<\/li>\n\n\n\n<li>4\u20145 august 2025 \u2013 Evaluarea competen\u021belor lingvistice de comunicare oral\u0103 \u00een limba rom\u00e2n\u0103 \u2013 proba A<\/li>\n\n\n\n<li>5 august 2025 \u2013 Evaluarea competen\u021belor lingvistice de comunicare oral\u0103 \u00een limba matern\u0103 \u2013 proba B<\/li>\n\n\n\n<li>6 august 2025 \u2013 Evaluarea competen\u021belor digitale \u2013 proba D<\/li>\n\n\n\n<li>7\u20148 august 2025 \u2013 Evaluarea competen\u021belor lingvistice \u00eentr-o limb\u0103 de circula\u021bie interna\u021bional\u0103 \u2013 proba C<\/li>\n\n\n\n<li>11 august 2025 \u2013 Limba \u0219i literatura rom\u00e2n\u0103 \u2013 proba E.a) \u2013 proba scris\u0103<\/li>\n\n\n\n<li>12 august 2025 \u2013 Proba obligatorie a profilului \u2013 proba E.c) \u2013 proba scris\u0103<\/li>\n\n\n\n<li>13 august 2025 \u2013 Proba la alegere a profilului \u0219i specializ\u0103rii \u2013 proba E.d) \u2013 proba scris\u0103<\/li>\n\n\n\n<li>14 august 2025 \u2013 Limba \u0219i literatura matern\u0103 \u2013 proba E.b) \u2013 proba scris\u0103<\/li>\n\n\n\n<li>18 august 2025 \u2013 Afi\u0219area rezultatelor la probele scrise (p\u00e2n\u0103 la ora 12.00), vizualizarea lucr\u0103rilor scrise \u0219i depunerea contesta\u021biilor (\u00een intervalul orar 14.00\u201418.00)<\/li>\n\n\n\n<li>19\u201420 august 2025 \u2013 Vizualizarea lucr\u0103rilor scrise \u0219i depunerea contesta\u021biilor<\/li>\n\n\n\n<li>26 august 2025 \u2013 Afi\u0219area rezultatelor finale<\/li>\n<\/ul>\n\n\n\n<p><span style=\"color: #800000;\"><strong><em>Calendarul privind simularea probelor scrise ale examenului na\u021bional de bacalaureat \u2014 2025<\/em><\/strong><\/span><\/p>\n\n\n\n<ul class=\"wp-block-list\">\n<li>24 martie 2025 \u2013 Proba E.a) \u2014 prob\u0103 scris\u0103 \u2014 Limba \u0219i literatura rom\u00e2n\u0103<\/li>\n\n\n\n<li>25 martie 2025 \u2013 Proba E.c) \u2014 prob\u0103 scris\u0103 \u2014 proba obligatorie a profilului<\/li>\n\n\n\n<li>26 martie 2025 \u2013 Proba E.d) \u2014 prob\u0103 scris\u0103 \u2014 proba la alegere a profilului \u0219i specializ\u0103rii<\/li>\n\n\n\n<li>27 martie 2025 \u2013 Proba E.b) \u2014 prob\u0103 scris\u0103 \u2014 Limba \u0219i literatura matern\u0103<\/li>\n\n\n\n<li>8 aprilie 2025 \u2013 Comunicarea rezultatelor<\/li>\n<\/ul>\n\n\n\n<p><a href=\"https:\/\/www.ctvuia.ro\/wp-content\/uploads\/2019\/09\/OM_6481_2024_bacalaureat_2025.pdf\">OM_6481_2024 \u2013 Ordin privind organizarea \u0219i desf\u0103\u0219urarea examenului na\u021bional de bacalaureat \u2013 2025<\/a><\/p>\n\n\n<\/p>\n<p><span style=\"color: #800000;\"><em><strong>Calendarul \u00eenscrierilor pentru \u0219coala profesional\u0103, an \u0219colar 2025-2026:<\/strong><\/em><\/span><\/p>\n<table>\n<tbody>\n<tr>\n<td>\n<table>\n<tbody>\n<tr>\n<td style=\"text-align: center;\"><em>Etape de \u00eenscriere<\/em><\/td>\n<td style=\"text-align: center;\"><em>\u00cenv\u0103\u021b\u0103m\u00e2nt dual \/ \u00cenv\u0103\u021b\u0103m\u00e2nt de stat<\/em><\/td>\n<td>\u00a0<\/td>\n<\/tr>\n<tr>\n<td style=\"text-align: center;\">Etapa I<\/td>\n<td>\n<ul>\n<li><strong>3 \u2013 11 iulie 2025 <\/strong><strong>\u2013<\/strong> <strong>\u00censcrierea candida\u021bilor<\/strong> pe baza fi\u0219ei de \u00eenscriere (doar elevii cu situa\u021bia \u0219colar\u0103 \u00eencheiat\u0103 \u0219i promova\u021bi);<\/li>\n<li><strong>11 iulie 2025 <\/strong><strong>\u2013<\/strong> <strong>Afi\u0219area listei<\/strong> candida\u021bilor \u00eenscri\u0219i \u00een \u00eenv\u0103\u021b\u0103m\u00e2ntul profesional \u0219i dual;<\/li>\n<li><strong>17 &#8211; 1 8 iulie 2025 \u2013<\/strong> <strong>Derularea <\/strong>probei suplimentare\u00a0 de admitere \u00een cazul \u00een care num\u0103rul de candida\u021bi dep\u0103\u0219e\u0219te num\u0103rul de locuri;<\/li>\n<li><strong>18 iulie 2025 \u2013 Afi\u0219area<\/strong> rezultatelor probei suplimentare de admitere;<\/li>\n<li><strong>18 iulie 2025 <\/strong><strong>\u2013 Depunerea contesta\u021biilor \/ <\/strong><strong>Afi\u0219area<\/strong> rezultatelor probei de admitere \u00een urma rezolv\u0103rii contesta\u021biilor;<\/li>\n<li><strong>18 iulie 2025 \u2013 Afi\u0219area\u00a0<\/strong> listei candida\u021bilor admi\u0219i \u0219i\u00a0 a celor respin\u0219i la \u00eenv\u0103\u021b\u0103m\u00e2ntul profesional\/dual;<\/li>\n<li><strong>22-29 iulie 2025 <\/strong><strong>\u2013<\/strong><strong> Depunerea dosarelor<\/strong> de \u00eenscriere a candida\u021bilor declara\u021bi admi\u0219i, la sediul colegiului;<\/li>\n<li><strong>1 august 2025 <\/strong><strong>\u2013 <\/strong><strong>Afi\u0219area<\/strong> listei cu candida\u021bii \u00eenmatricula\u021bi\u00a0 \u0219i a locurilor libere pentru etapa a II-a.<\/li>\n<\/ul>\n<\/td>\n<\/tr>\n<tr>\n<td style=\"text-align: center;\">Etapa a II-a<\/td>\n<td>\n<ul>\n<li><strong>05 &#8211; 06 august 2025 <\/strong><strong>\u2013 <\/strong><strong>\u00censcrierea<\/strong> candida\u021bilor la unit\u0103\u021bile de \u00eenv\u0103\u021b\u0103m\u00e2nt;<\/li>\n<li><strong>06 august 2025 <\/strong><strong>\u2013<\/strong><strong> Afi\u0219area<\/strong> la sediul colegiului a listei candida\u021bilor \u00eenscri\u0219i \u00een \u00eenv\u0103\u021b\u0103m\u00e2ntul profesional \u0219i dual.<\/li>\n<li><strong>08 \u0219i 11 august 2025 <\/strong><strong>\u2013<\/strong><strong> Derularea <\/strong>probei suplimentare\u00a0 de admitere \u00een cazul \u00een care num\u0103rul de candida\u021bi dep\u0103\u0219e\u0219te num\u0103rul de locuri;<\/li>\n<li><strong>11 august 2025 \u2013 Afi\u0219area<\/strong> rezultatelor probei suplimentare;<\/li>\n<li><strong>12 august 2025 <\/strong><strong>\u2013 <\/strong><strong>Depunerea contesta\u021biilor \/ <\/strong><strong>Afi\u0219area<\/strong> rezultatelor probei de admitere \u00een urma rezolv\u0103rii contesta\u021biilor;<\/li>\n<li><strong>14 \u0219i 18 august 2025 <\/strong><strong>\u2013<\/strong> <strong>Depunerea dosarelor<\/strong> de \u00eenscriere la sediul unit\u0103\u021bii a candida\u021bilor declara\u021bi admi\u0219i;<\/li>\n<li><strong>18 august 2025 <\/strong><strong>\u2013<\/strong><strong> Afi\u0219area<\/strong> de c\u0103tre unit\u0103\u021bile de \u00eenv\u0103\u021b\u0103m\u00e2nt profesional, inclusiv dual, a candida\u021bilor \u00eenmatricula\u021bi \u0219i a situa\u021biei cu locurile r\u0103mase libere.<\/li>\n<\/ul>\n<\/td>\n<\/tr>\n<\/tbody>\n<\/table>\n<\/td>\n<td>\u00a0<\/td>\n<td>\u00a0<\/td>\n<\/tr>\n<\/tbody>\n<\/table>\n<hr \/>\n<p><em><strong>Dosarul de \u00eenscriere va con\u021bine:<\/strong><\/em><\/p>\n<ul>\n<li>\u00a0fi\u0219a de \u00eenscriere \u00een \u00eenv\u0103\u021b\u0103m\u00e2ntul profesional, \u00een original;<br \/>\u2013\u00a0\u00a0 copie dup\u0103 certificatul de na\u0219tere;<br \/>\u2013\u00a0\u00a0 adeverin\u021ba cu notele \u0219i media general\u0103 ob\u021binute la evaluarea na\u021bional\u0103 (dac\u0103 este cazul);<br \/>\u2013\u00a0\u00a0 foaia matricol\u0103 clasele V-VIII \u2013 copie \u0219i original;<br \/>\u2013\u00a0\u00a0 fi\u0219a medical\u0103.<br \/>Detalii privind locurile disponibile la Colegiul Tehnic \u201eTRAIAN VUIA\u201d le g\u0103si\u021bi <a href=\"https:\/\/www.ctvuia.ro\/?p=50\">aici<\/a>.<\/li>\n<\/ul>\n\n\n<hr class=\"wp-block-separator has-alpha-channel-opacity\"\/>\n\n\n\n<p>Detalii privind locurile disponibile la Colegiul Tehnic &#8222;TRAIAN VUIA&#8221; le g\u0103si\u021bi <a href=\"https:\/\/www.ctvuia.ro\/?p=50\">aici<\/a>.<br>Detalii despre programul educa\u021bional &#8211; \u00ceNV\u0102\u021a\u0102M\u00c2NT DUAL se reg\u0103sesc pe <a href=\"http:\/\/www.sebpo.ro\" target=\"_blank\" rel=\"noopener noreferrer\">www.sebpo.ro<\/a><strong><span class=\"_1nb_ fwn fcg\" data-ft=\"{&quot;tn&quot;:&quot;C&quot;}\"><span class=\"fwb\" data-ft=\"{&quot;tn&quot;:&quot;k&quot;}\"><a href=\"https:\/\/www.facebook.com\/scoalaeurobusinessoradea\/?hc_ref=ARRtyONxepX8auc1pvdF0aN7ydf49RcvJA5oMRfRmxiF_3LpJzPPcKbBqdwnpAvsvNY&amp;fref=nf\" data-hovercard=\"\/ajax\/hovercard\/page.php?id=247954702019627&amp;extragetparams=%7B%22hc_ref%22%3A%22ARRtyONxepX8auc1pvdF0aN7ydf49RcvJA5oMRfRmxiF_3LpJzPPcKbBqdwnpAvsvNY%22%2C%22fref%22%3A%22nf%22%7D\" data-hovercard-prefer-more-content-show=\"1\" data-hovercard-referer=\"ARRtyONxepX8auc1pvdF0aN7ydf49RcvJA5oMRfRmxiF_3LpJzPPcKbBqdwnpAvsvNY\"> &#8211; Scoala Profesionala Eurobusiness<\/a><\/span><\/span><\/strong><\/p>\n\n\n\n<p class=\"has-text-align-center\"><span style=\"color: #808080;\">_____________________________________________________________________________<\/span><\/p>\n\n\n\n<p>TEL VERDE 0800801100 &#8211; telefon gratuit pentru semnalarea tuturor neregulilor ap\u0103rute \u00een organizarea \u0219i derularea examenelor na\u021bionale.<br><a href=\"http:\/\/www.educatiepentruviitor.edu.ro\">http:\/\/www.educatiepentruviitor.edu.ro<\/a> &#8211; site dedicat semnal\u0103rii eventualelor fapte de corup\u021bie.<\/p>\n","protected":false},"excerpt":{"rendered":"<p>1966-2016 &#8211; A 50-a ANIVERSARE A LICEULUI! Str. Constantin Br\u00e2ncoveanu nr.12\/AOradea, BihorTelefon: 0359\/425667, 0359\/425668Fax:&nbsp;0259\/417829E-mail: ct_vuia@yahoo.comFacebook PROIECT_F-PNRR-SmartLabs-2023-2672 Anun\u021b selec\u021bie proiect Acreditare Erasmus nr. 2024-1-RO01-KA121-VET-000212541 Proiect DAIBAU Olimpiadele din aria curricular\u0103 \u201cTehnologii\u201d, etapa jude\u021bean\u0103 \u2013 martie 2025 Rezultate finale gimnaziu\/liceu ANUN\u021a CONTESTA\u021aII &#8211; Olimpiadele din aria curricular\u0103 &#8222;Tehnologii&#8221; Etapa jude\u021bean\u0103 \u2013 anul \u0219colar&nbsp;2024-2025 &nbsp;Situa\u021bie locuri libere pentru [&hellip;]<\/p>\n","protected":false},"author":1,"featured_media":0,"parent":0,"menu_order":0,"comment_status":"closed","ping_status":"closed","template":"","meta":{"footnotes":""},"class_list":["post-12","page","type-page","status-publish","hentry"],"_links":{"self":[{"href":"https:\/\/www.ctvuia.ro\/index.php?rest_route=\/wp\/v2\/pages\/12","targetHints":{"allow":["GET"]}}],"collection":[{"href":"https:\/\/www.ctvuia.ro\/index.php?rest_route=\/wp\/v2\/pages"}],"about":[{"href":"https:\/\/www.ctvuia.ro\/index.php?rest_route=\/wp\/v2\/types\/page"}],"author":[{"embeddable":true,"href":"https:\/\/www.ctvuia.ro\/index.php?rest_route=\/wp\/v2\/users\/1"}],"replies":[{"embeddable":true,"href":"https:\/\/www.ctvuia.ro\/index.php?rest_route=%2Fwp%2Fv2%2Fcomments&post=12"}],"version-history":[{"count":342,"href":"https:\/\/www.ctvuia.ro\/index.php?rest_route=\/wp\/v2\/pages\/12\/revisions"}],"predecessor-version":[{"id":4883,"href":"https:\/\/www.ctvuia.ro\/index.php?rest_route=\/wp\/v2\/pages\/12\/revisions\/4883"}],"wp:attachment":[{"href":"https:\/\/www.ctvuia.ro\/index.php?rest_route=%2Fwp%2Fv2%2Fmedia&parent=12"}],"curies":[{"name":"wp","href":"https:\/\/api.w.org\/{rel}","templated":true}]}}